{"id":87,"date":"2026-01-30T16:14:17","date_gmt":"2026-01-30T16:14:17","guid":{"rendered":"https:\/\/zs-robotics.com\/?page_id=87"},"modified":"2026-01-30T17:56:44","modified_gmt":"2026-01-30T17:56:44","slug":"hizmetlerimiz","status":"publish","type":"page","link":"https:\/\/zs-robotics.com\/?page_id=87","title":{"rendered":"Hizmetlerimiz"},"content":{"rendered":"\n<p><strong>SERV\u0130S<\/strong><\/p>\n\n\n\n<figure class=\"wp-block-image size-large\"><img loading=\"lazy\" decoding=\"async\" width=\"1024\" height=\"576\" src=\"https:\/\/zs-robotics.com\/wp-content\/uploads\/2026\/01\/4-1024x576.png\" alt=\"\" class=\"wp-image-95\" srcset=\"https:\/\/zs-robotics.com\/wp-content\/uploads\/2026\/01\/4-1024x576.png 1024w, https:\/\/zs-robotics.com\/wp-content\/uploads\/2026\/01\/4-300x169.png 300w, https:\/\/zs-robotics.com\/wp-content\/uploads\/2026\/01\/4-768x432.png 768w, https:\/\/zs-robotics.com\/wp-content\/uploads\/2026\/01\/4-1536x864.png 1536w, https:\/\/zs-robotics.com\/wp-content\/uploads\/2026\/01\/4-2048x1152.png 2048w, https:\/\/zs-robotics.com\/wp-content\/uploads\/2026\/01\/4-1568x882.png 1568w\" sizes=\"auto, (max-width: 1024px) 100vw, 1024px\" \/><\/figure>\n\n\n\n<figure class=\"wp-block-image size-large\"><img loading=\"lazy\" decoding=\"async\" width=\"1024\" height=\"679\" src=\"https:\/\/zs-robotics.com\/wp-content\/uploads\/2026\/01\/IMG_3288-1024x679.jpg\" alt=\"\" class=\"wp-image-99\" srcset=\"https:\/\/zs-robotics.com\/wp-content\/uploads\/2026\/01\/IMG_3288-1024x679.jpg 1024w, https:\/\/zs-robotics.com\/wp-content\/uploads\/2026\/01\/IMG_3288-300x199.jpg 300w, https:\/\/zs-robotics.com\/wp-content\/uploads\/2026\/01\/IMG_3288-768x509.jpg 768w, https:\/\/zs-robotics.com\/wp-content\/uploads\/2026\/01\/IMG_3288-1536x1018.jpg 1536w, https:\/\/zs-robotics.com\/wp-content\/uploads\/2026\/01\/IMG_3288-2048x1357.jpg 2048w, https:\/\/zs-robotics.com\/wp-content\/uploads\/2026\/01\/IMG_3288-1568x1039.jpg 1568w\" sizes=\"auto, (max-width: 1024px) 100vw, 1024px\" \/><\/figure>\n\n\n\n<p><em>End\u00fcstriyel Robot Ar\u0131za Hizmeti<\/em><\/p>\n\n\n\n<p>Ba\u015fta uzmanl\u0131k alanlar\u0131m\u0131z olan <strong>ABB ve KUKA<\/strong> olmak \u00fczere <strong>FANUC, YASKAWA-MOTOMAN, ST\u00c4UBLI ve HYUNDAI<\/strong> marka end\u00fcstriyel robotlar i\u00e7in <strong>yerinde ar\u0131za tespit ve onar\u0131m hizmetleri<\/strong> sunmaktay\u0131z.<br>Geli\u015fmi\u015f yedek par\u00e7a stok altyap\u0131m\u0131z sayesinde, \u00fcretim s\u00fcre\u00e7lerinizin her a\u015famas\u0131nda h\u0131zl\u0131 ve g\u00fcvenilir destek sa\u011flamaktay\u0131z.<\/p>\n\n\n\n<p><strong>REV\u0130ZYON<\/strong><\/p>\n\n\n\n<figure class=\"wp-block-image size-large\"><img loading=\"lazy\" decoding=\"async\" width=\"768\" height=\"1024\" src=\"https:\/\/zs-robotics.com\/wp-content\/uploads\/2026\/01\/1-768x1024.png\" alt=\"\" class=\"wp-image-96\" srcset=\"https:\/\/zs-robotics.com\/wp-content\/uploads\/2026\/01\/1-768x1024.png 768w, https:\/\/zs-robotics.com\/wp-content\/uploads\/2026\/01\/1-225x300.png 225w, https:\/\/zs-robotics.com\/wp-content\/uploads\/2026\/01\/1-1152x1536.png 1152w, https:\/\/zs-robotics.com\/wp-content\/uploads\/2026\/01\/1-1536x2048.png 1536w, https:\/\/zs-robotics.com\/wp-content\/uploads\/2026\/01\/1-1568x2091.png 1568w, https:\/\/zs-robotics.com\/wp-content\/uploads\/2026\/01\/1-scaled.png 1920w\" sizes=\"auto, (max-width: 768px) 100vw, 768px\" \/><\/figure>\n\n\n\n<p><em>PLC Sistem Revizyonu<\/em><br>\u00dcretim hatlar\u0131n\u0131zda kullan\u0131lan PLC sistemleri i\u00e7in, ihtiya\u00e7lar\u0131n\u0131za \u00f6zel revizyon ve iyile\u015ftirme \u00e7al\u0131\u015fmalar\u0131 ger\u00e7ekle\u015ftiriyoruz. \u00c7evrim s\u00fcresi optimizasyonu ve operat\u00f6r dostu g\u00f6rsel destek \u00e7\u00f6z\u00fcmleri ile \u00fcretim s\u00fcre\u00e7lerinin daha verimli, kontroll\u00fc ve \u0130\u015f Sa\u011fl\u0131\u011f\u0131 ve G\u00fcvenli\u011fi (\u0130SG) standartlar\u0131na uygun \u015fekilde y\u00fcr\u00fct\u00fclmesini sa\u011fl\u0131yoruz.<\/p>\n\n\n\n<p><strong>PROJELEND\u0130RME<\/strong><\/p>\n\n\n\n<figure class=\"wp-block-image size-large\"><img loading=\"lazy\" decoding=\"async\" width=\"1024\" height=\"576\" src=\"https:\/\/zs-robotics.com\/wp-content\/uploads\/2026\/01\/5-1024x576.png\" alt=\"\" class=\"wp-image-97\" srcset=\"https:\/\/zs-robotics.com\/wp-content\/uploads\/2026\/01\/5-1024x576.png 1024w, https:\/\/zs-robotics.com\/wp-content\/uploads\/2026\/01\/5-300x169.png 300w, https:\/\/zs-robotics.com\/wp-content\/uploads\/2026\/01\/5-768x432.png 768w, https:\/\/zs-robotics.com\/wp-content\/uploads\/2026\/01\/5-1536x864.png 1536w, https:\/\/zs-robotics.com\/wp-content\/uploads\/2026\/01\/5-2048x1152.png 2048w, https:\/\/zs-robotics.com\/wp-content\/uploads\/2026\/01\/5-1568x882.png 1568w\" sizes=\"auto, (max-width: 1024px) 100vw, 1024px\" \/><\/figure>\n\n\n\n<p><em>Anahtar teslim Robotlu\/robotsuz \u00fcretim hatlar\u0131<\/em><\/p>\n\n\n\n<p>Proje b\u00fct\u00e7enize uygun olarak, bir veya birden fazla makinan\u0131n senkronize \u015fekilde \u00e7al\u0131\u015ft\u0131\u011f\u0131; ihtiya\u00e7 halinde end\u00fcstriyel robotlar ve konvey\u00f6r hatlar\u0131 ile entegre edilebilen, mod\u00fcler (s\u00f6k-tak) sistemlerin devreye alma s\u00fcre\u00e7leri firmam\u0131z taraf\u0131ndan uzman kadromuzla profesyonel \u015fekilde ger\u00e7ekle\u015ftirilmektedir.<\/p>\n\n\n\n<p><strong>E\u011e\u0130T\u0130M<\/strong><\/p>\n\n\n\n<p><em>End\u00fcstriyel robot kullan\u0131c\u0131 e\u011fitimleri<\/em><\/p>\n\n\n\n<p>Ekibimiz taraf\u0131ndan ba\u015flang\u0131\u00e7 seviyesinden ileri d\u00fczeye kadar, t\u00fcm kullan\u0131c\u0131 gruplar\u0131n\u0131n kolayl\u0131kla anlayabilece\u011fi \u015fekilde planlanmakta ve uygulanmaktad\u0131r. E\u011fitimlerimiz; interaktif soru-cevap y\u00f6ntemi ve birebir \u201c\u00f6\u011fren\u2013uygula\u201d yakla\u015f\u0131m\u0131 ile ger\u00e7ekle\u015ftirilerek kal\u0131c\u0131 \u00f6\u011frenme hedeflenmektedir.<br>Kat\u0131l\u0131mc\u0131lar\u0131n e\u011fitim sonras\u0131nda bilgi ve yetkinliklerini sahada etkin \u015fekilde kullanabilmeleri ama\u00e7lanmakta, bu kazan\u0131mlar mesleki geli\u015fimleri i\u00e7in kal\u0131c\u0131 bir de\u011fer olu\u015fturmaktad\u0131r. Ayr\u0131ca firmalar b\u00fcnyesinde s\u00fcrd\u00fcr\u00fclebilir bilgi aktar\u0131m\u0131n\u0131 sa\u011flamak amac\u0131yla kurum i\u00e7i akademik kadrolar\u0131n olu\u015fturulmas\u0131na \u00f6nc\u00fcl\u00fck etmekteyiz.<\/p>\n\n\n\n<p><strong>AR-GE<\/strong><\/p>\n\n\n\n<div class=\"wp-block-group is-nowrap is-layout-flex wp-container-core-group-is-layout-ad2f72ca wp-block-group-is-layout-flex\">\n<p>\u00dcretim s\u00fcre\u00e7lerinde bir i\u015fin birim zamanda daha k\u0131sa s\u00fcrede ve daha verimli \u015fekilde ger\u00e7ekle\u015ftirilmesini sa\u011flayan, operat\u00f6rler ile tesisler \u00fczerindeki maddi ve operasyonel y\u00fck\u00fc azaltan projeler tasarlamakta ve hayata ge\u00e7irmekteyiz. Mekanik tasar\u0131m, elektronik tasar\u0131m ve yaz\u0131l\u0131m \u00e7\u00f6z\u00fcmlerini entegre bir yakla\u015f\u0131mla sunarak, m\u00fc\u015fterilerimizi teknolojik olarak ileriye ta\u015f\u0131yan, s\u00fcrd\u00fcr\u00fclebilir ve y\u00fcksek katma de\u011ferli sistemler geli\u015ftirmekteyiz.<\/p>\n<\/div>\n\n\n\n<p><strong>BAKIM<\/strong><\/p>\n\n\n\n<figure class=\"wp-block-image size-large is-style-default\"><img loading=\"lazy\" decoding=\"async\" width=\"1024\" height=\"726\" src=\"http:\/\/zs-robotics.com\/wp-content\/uploads\/2026\/01\/6-1-1024x726.png\" alt=\"\" class=\"wp-image-100\" srcset=\"https:\/\/zs-robotics.com\/wp-content\/uploads\/2026\/01\/6-1-1024x726.png 1024w, https:\/\/zs-robotics.com\/wp-content\/uploads\/2026\/01\/6-1-300x213.png 300w, https:\/\/zs-robotics.com\/wp-content\/uploads\/2026\/01\/6-1-768x545.png 768w\" sizes=\"auto, (max-width: 1024px) 100vw, 1024px\" \/><\/figure>\n\n\n\n<p>End\u00fcstriyel robotlar\u0131n\u0131z\u0131n periyodik bak\u0131m \u00e7al\u0131\u015fmalar\u0131 uzman ekibimiz taraf\u0131ndan planl\u0131 olarak ger\u00e7ekle\u015ftirilmektedir. Bak\u0131m s\u00fcreci boyunca t\u00fcm kritik noktalar detayl\u0131 g\u00f6rsel ve fonksiyonel kontrollerden ge\u00e7irilmekte, \u00f6nleyici bak\u0131m uygulamalar\u0131 ile olas\u0131 riskler \u00f6nceden tespit edilerek ileriye d\u00f6n\u00fck b\u00fcy\u00fck ar\u0131zalar\u0131n olu\u015fmas\u0131 engellenmektedir.<\/p>\n","protected":false},"excerpt":{"rendered":"<p>SERV\u0130S End\u00fcstriyel Robot Ar\u0131za Hizmeti Ba\u015fta uzmanl\u0131k alanlar\u0131m\u0131z olan ABB ve KUKA olmak \u00fczere FANUC, YASKAWA-MOTOMAN, ST\u00c4UBLI ve HYUNDAI marka end\u00fcstriyel robotlar i\u00e7in yerinde ar\u0131za tespit ve onar\u0131m hizmetleri sunmaktay\u0131z.Geli\u015fmi\u015f yedek par\u00e7a stok altyap\u0131m\u0131z sayesinde, \u00fcretim s\u00fcre\u00e7lerinizin her a\u015famas\u0131nda h\u0131zl\u0131 ve g\u00fcvenilir destek sa\u011flamaktay\u0131z. REV\u0130ZYON PLC Sistem Revizyonu\u00dcretim hatlar\u0131n\u0131zda kullan\u0131lan PLC sistemleri i\u00e7in, ihtiya\u00e7lar\u0131n\u0131za \u00f6zel&hellip; <a class=\"more-link\" href=\"https:\/\/zs-robotics.com\/?page_id=87\">Okumaya devam et <span class=\"screen-reader-text\">Hizmetlerimiz<\/span><\/a><\/p>\n","protected":false},"author":1,"featured_media":0,"parent":0,"menu_order":0,"comment_status":"closed","ping_status":"closed","template":"","meta":{"footnotes":""},"class_list":["post-87","page","type-page","status-publish","hentry","entry"],"_links":{"self":[{"href":"https:\/\/zs-robotics.com\/index.php?rest_route=\/wp\/v2\/pages\/87","targetHints":{"allow":["GET"]}}],"collection":[{"href":"https:\/\/zs-robotics.com\/index.php?rest_route=\/wp\/v2\/pages"}],"about":[{"href":"https:\/\/zs-robotics.com\/index.php?rest_route=\/wp\/v2\/types\/page"}],"author":[{"embeddable":true,"href":"https:\/\/zs-robotics.com\/index.php?rest_route=\/wp\/v2\/users\/1"}],"replies":[{"embeddable":true,"href":"https:\/\/zs-robotics.com\/index.php?rest_route=%2Fwp%2Fv2%2Fcomments&post=87"}],"version-history":[{"count":5,"href":"https:\/\/zs-robotics.com\/index.php?rest_route=\/wp\/v2\/pages\/87\/revisions"}],"predecessor-version":[{"id":102,"href":"https:\/\/zs-robotics.com\/index.php?rest_route=\/wp\/v2\/pages\/87\/revisions\/102"}],"wp:attachment":[{"href":"https:\/\/zs-robotics.com\/index.php?rest_route=%2Fwp%2Fv2%2Fmedia&parent=87"}],"curies":[{"name":"wp","href":"https:\/\/api.w.org\/{rel}","templated":true}]}}